{"id":1308,"date":"2016-02-17T17:13:06","date_gmt":"2016-02-17T17:13:06","guid":{"rendered":"https:\/\/www.mosquitobarcelona.com\/fr\/privacy-policy\/"},"modified":"2022-05-22T19:18:33","modified_gmt":"2022-05-22T19:18:33","slug":"privacy-policy","status":"publish","type":"page","link":"https:\/\/www.mosquitobarcelona.com\/fr\/privacy-policy\/","title":{"rendered":"privacy policy"},"content":{"rendered":"\n<h2 class=\"wp-block-heading\"><span style=\"color: #000000;\"><span style=\"font-family: Helvetica, serif;\"><span style=\"font-size: large;\"><strong>INTRODUCCI\u00d3N<\/strong><\/span><\/span><\/span><\/h2>\n\n\n\n<p><span style=\"color: #000000;\"><span style=\"font-family: Helvetica, serif;\"><span style=\"font-size: large;\">En LQ MOSQUITO CORPORATION con CIF B-58997164 y direcci\u00f3n en carrer Cornet i Mas, 47 baixos de Barcelona (08017) e inscrita por el notario Don Juan-Jos\u00e9 Cagigal Guti\u00e9rrez&nbsp;<\/span><\/span><\/span><span style=\"color: #000000;\"><span style=\"font-family: Helvetica, serif;\"><span style=\"font-size: large;\">el di\u0301a&nbsp;13\/06\/1989, en el Registro Mercantil de&nbsp;BARCELONA, Tomo&nbsp;10691, libro 9669, secci\u00f3n 2,&nbsp;Folio&nbsp;11, Hoja&nbsp;126578, inscripcio\u0301n&nbsp;1.<\/span><\/span><\/span><\/p>\n\n\n\n<p><span style=\"color: #000000;\"><span style=\"font-family: Helvetica, serif;\"><span style=\"font-size: large;\">La confidencialidad de sus datos personales es un aspecto fundamental para nosotros. Esta pol\u00edtica est\u00e1 dirigida a explicar c\u00f3mo y para qu\u00e9 prop\u00f3sitos utilizamos la informaci\u00f3n recopilada sobre Ud. a trav\u00e9s de la p\u00e1gina Web. Se ruega que lea atentamente este documento de Pol\u00edtica de Privacidad. Al hacer uso de la Web y de los servicios que en ella se ofrecen, acepta quedar vinculado por las condiciones de la presente Pol\u00edtica de Privacidad con respecto a la informaci\u00f3n recopilada acerca de Ud. a trav\u00e9s de la Web.<br>Le recomendamos que imprima o guarde en sus archivos una copia local de la Pol\u00edtica de Privacidad y Protecci\u00f3n de Datos.<br>En caso de duda o pregunta en relaci\u00f3n a la presente pol\u00edtica, no dude en ponerse en contacto con nosotros enviando un e-mail a hello@mosquitobarcelona.com<\/span><\/span><\/span><\/p>\n\n\n\n<h2 class=\"wp-block-heading\"><span style=\"color: #000000;\"><span style=\"font-family: Helvetica, serif;\"><span style=\"font-size: large;\">USO DE LA INFORMACI\u00d3N<\/span><\/span><\/span><\/h2>\n\n\n\n<p><span style=\"color: #000000;\"><span style=\"font-family: Helvetica, serif;\"><span style=\"font-size: large;\">La informaci\u00f3n que Ud. facilita ser\u00e1 estrictamente utilizada para los siguientes prop\u00f3sitos seg\u00fan corresponda:<br>\u2013 procesar su solicitud;<br>\u2013 enviar nuestro Bolet\u00edn u otras informaciones sobre nuestras actividades, productos y servicios;<br>\u2013 verificar su identidad;<br>\u2013 llevar a cabo un an\u00e1lisis de marketing y mejoras generales para nuestra Web;<\/span><\/span><\/span><\/p>\n\n\n\n<h2 class=\"wp-block-heading\"><span style=\"color: #000000;\"><span style=\"font-family: Helvetica, serif;\"><span style=\"font-size: large;\">PROTECCI\u00d3N DE DATOS DE CAR\u00c1CTER PERSONAL<\/span><\/span><\/span><\/h2>\n\n\n\n<p><span style=\"color: #000000;\"><span style=\"font-family: Helvetica, serif;\"><span style=\"font-size: large;\"><strong>Informaci\u00f3n<\/strong><\/span><\/span><\/span><\/p>\n\n\n\n<p><span style=\"color: #000000;\"><span style=\"font-family: Helvetica, serif;\"><span style=\"font-size: large;\">La informaci\u00f3n recibida a trav\u00e9s de la presente p\u00e1gina Web ser\u00e1 tratada con la m\u00e1xima reserva y confidencialidad conforme a la normativa vigente y en ning\u00fan caso ser\u00e1n cedidos a terceros sin su previo consentimiento. En cumplimiento con lo dispuesto en la vigente normativa de protecci\u00f3n de datos de car\u00e1cter personal, LQ MOSQUITO CORPORATION, SL informa al usuario que los datos personales que pueda facilitar a trav\u00e9s de esta p\u00e1gina Web son incorporados en ficheros titularidad de LQ MOSQUITO CORPORATION, SL con las finalidades indicadas.<\/span><\/span><\/span><\/p>\n\n\n\n<p><span style=\"color: #000000;\"><span style=\"font-family: Helvetica, serif;\"><span style=\"font-size: large;\">LQ MOSQUITO CORPORATION, SL podr\u00e1 utilizar los datos identificativos y de contacto de los usuarios para mantenerles informados sobre las actividades, productos y servicios de la empresa.<\/span><\/span><\/span><\/p>\n\n\n\n<p><span style=\"color: #000000;\"><span style=\"font-family: Helvetica, serif;\"><span style=\"font-size: large;\">Los datos personales proporcionados se conservar\u00e1n mientras se mantenga la relaci\u00f3n existente con el usuario, y una vez finalice la citada relaci\u00f3n se mantendr\u00e1n bloqueados el tiempo legalmente establecido, antes de su destrucci\u00f3n.<\/span><\/span><\/span><\/p>\n\n\n\n<p><span style=\"color: #000000;\"><span style=\"font-family: Helvetica, serif;\"><span style=\"font-size: large;\">Mediante la aceptaci\u00f3n de la casilla del formulario, usted consiente el env\u00edo de informaci\u00f3n de nuestros servicios que puedan resultar de su inter\u00e9s.<\/span><\/span><\/span><\/p>\n\n\n\n<p><span style=\"color: #000000;\"><span style=\"font-family: Helvetica, serif;\"><span style=\"font-size: large;\">Es importante que para que podamos mantener sus datos personales actualizados, nos informe siempre que haya alguna modificaci\u00f3n en ellos. En caso contrario, no respondemos de la veracidad de los mismos. Consideramos que si no cancela sus datos personales expresamente de nuestros ficheros, contin\u00faa interesado en seguir incorporado a los mismos hasta que el Responsable lo considere oportuno y mientras sea adecuado a la finalidad por la que se obtuvieron.<\/span><\/span><\/span><\/p>\n\n\n\n<p><span style=\"color: #000000;\"><span style=\"font-family: Helvetica, serif;\"><span style=\"font-size: large;\"><strong>Derechos de acceso, rectificaci\u00f3n, cancelaci\u00f3n, oposici\u00f3n, limitaci\u00f3n y portabilidad<\/strong><\/span><\/span><\/span><\/p>\n\n\n\n<p><span style=\"color: #000000;\"><span style=\"font-family: Helvetica, serif;\"><span style=\"font-size: large;\">El titular de los datos personales tiene derecho a:<\/span><\/span><\/span><\/p>\n\n\n\n<ul class=\"wp-block-list\"><li><p><span style=\"color: #000000;\"><span style=\"font-family: Helvetica, serif;\"><span style=\"font-size: large;\">Obtener confirmaci\u00f3n sobre si el Responsable est\u00e1 tratando los datos personales que les conciernan, o no.<\/span><\/span><\/span><\/p><\/li><li><p><span style=\"color: #000000;\"><span style=\"font-family: Helvetica, serif;\"><span style=\"font-size: large;\">Acceder a sus datos personales, as\u00ed como a solicitar la rectificaci\u00f3n de los datos inexactos o, en su caso, solicitar su supresi\u00f3n cuando, entre otros motivos, los datos ya no sean necesarios para los fines que fueron recogidos.<\/span><\/span><\/span><\/p><\/li><li><p><span style=\"color: #000000;\"><span style=\"font-family: Helvetica, serif;\"><span style=\"font-size: large;\">En determinadas circunstancias, los interesados podr\u00e1n solicitar la limitaci\u00f3n del tratamiento de sus datos, en cuyo caso \u00fanicamente el Responsable los conservar\u00e1 para el ejercicio o la defensa de reclamaciones.<\/span><\/span><\/span><\/p><\/li><li><p><span style=\"color: #000000;\"><span style=\"font-family: Helvetica, serif;\"><span style=\"font-size: large;\">En determinadas circunstancias y por motivos relacionados con su situaci\u00f3n particular, los interesados podr\u00e1n oponerse al tratamiento de sus datos.<\/span><\/span><\/span><\/p><\/li><li><p><span style=\"color: #000000;\"><span style=\"font-family: Helvetica, serif;\"><span style=\"font-size: large;\">En determinadas circunstancias, en virtud del derecho de portabilidad, los interesados tendr\u00e1n derecho a obtener sus datos personales en un formato estructurado de uso com\u00fan y lectura mec\u00e1nica y transmitirlo a otro responsable.<\/span><\/span><\/span><\/p><\/li><\/ul>\n\n\n\n<p><span style=\"color: #000000;\"><span style=\"font-family: Helvetica, serif;\"><span style=\"font-size: large;\">El titular puede ejercer sus derechos:<\/span><\/span><\/span><\/p>\n\n\n\n<ul class=\"wp-block-list\"><li><p><span style=\"color: #000000;\"><span style=\"font-family: Helvetica, serif;\"><span style=\"font-size: large;\">Mediante escrito dirigido a carrer Cornet i Mas, 47 baixos, 08017 Barcelona, referencia \u201cProtecci\u00f3n de Datos\u201d.<\/span><\/span><\/span><\/p><\/li><li><p><span style=\"color: #000000;\"><span style=\"font-family: Helvetica, serif;\"><span style=\"font-size: large;\">Mediante correo electr\u00f3nico a la direcci\u00f3n hello@mosquitobarcelona.com indicando en el asunto \u201cProtecci\u00f3n de Datos\u201d.<\/span><\/span><\/span><\/p><\/li><\/ul>\n\n\n\n<p><span style=\"color: #000000;\"><span style=\"font-family: Helvetica, serif;\"><span style=\"font-size: large;\">Si considera que sus derechos no se han atendido adecuadamente, tiene derecho a presentar una reclamaci\u00f3n ante la Agencia Espa\u00f1ola de Protecci\u00f3n de Datos.<\/span><\/span><\/span><\/p>\n\n\n\n<p><span style=\"color: #000000;\"><span style=\"font-family: Helvetica, serif;\"><span style=\"font-size: large;\"><strong>Seguridad en el tratamiento, proceso inform\u00e1tico y custodia de datos<\/strong><\/span><\/span><\/span><\/p>\n\n\n\n<p><span style=\"color: #000000;\"><span style=\"font-family: Helvetica, serif;\"><span style=\"font-size: large;\">LQ MOSQUITO CORPORATION, SL, declara y garantiza que ha establecido todos los medios t\u00e9cnicos a su alcance para evitar la p\u00e9rdida, mal uso, alteraci\u00f3n, acceso no autorizado y robo de los datos facilitados por los usuarios, sin perjuicio de informar que las medidas de seguridad en Internet no son inexpugnables.<\/span><\/span><\/span><\/p>\n\n\n\n<p><span style=\"color: #000000;\"><span style=\"font-family: Helvetica, serif;\"><span style=\"font-size: large;\"><strong>Enlaces con p\u00e1ginas Web ajenas<\/strong><\/span><\/span><\/span><\/p>\n\n\n\n<p><span style=\"color: #000000;\"><span style=\"font-family: Helvetica, serif;\"><span style=\"font-size: large;\">No nos hacemos responsables de las pol\u00edticas de privacidad o pr\u00e1cticas de p\u00e1ginas Web ajenas incluso cuando el enlace haya sido proporcionado por nuestra propia p\u00e1gina. Recomendamos vehementemente que se lea con atenci\u00f3n la pol\u00edtica de cada p\u00e1gina Web por la que navega y se ponga en contacto con el propietario o responsable en caso de duda o pregunta.<br>Asimismo, si obtiene el enlace a nuestra p\u00e1gina Web a trav\u00e9s de una p\u00e1gina ajena, no nos hacemos responsables de la pol\u00edtica de privacidad o pr\u00e1cticas de dicha p\u00e1gina. Recomendamos que se lea con atenci\u00f3n la pol\u00edtica de dicha p\u00e1gina y que se ponga en contacto con el propietario o responsable en caso de duda o pregunta.<\/span><\/span><\/span><\/p>\n\n\n\n<h2 class=\"wp-block-heading\"><span style=\"color: #000000;\"><span style=\"font-family: Helvetica, serif;\"><span style=\"font-size: large;\">Cont\u00e1ctenos<\/span><\/span><\/span><\/h2>\n\n\n\n<p><span style=\"color: #000000;\"><span style=\"font-family: Helvetica, serif;\"><span style=\"font-size: large;\">Si desea contactar con nosotros para posibles sugerencias o comentarios acerca de nuestra Pol\u00edtica de Privacidad o sus datos personales, puede enviarnos un e-mail a hello@mosquitobarcelona.com<\/span><\/span><\/span><\/p>\n","protected":false},"excerpt":{"rendered":"<p>INTRODUCCI\u00d3N En LQ MOSQUITO CORPORATION con CIF B-58997164 y direcci\u00f3n en carrer Cornet i Mas, 47 baixos de Barcelona (08017) e inscrita por el notario Don Juan-Jos\u00e9 Cagigal Guti\u00e9rrez&nbsp;el di\u0301a&nbsp;13\/06\/1989, en el Registro Mercantil de&nbsp;BARCELONA, Tomo&nbsp;10691, libro 9669, secci\u00f3n 2,&nbsp;Folio&nbsp;11, Hoja&nbsp;126578, inscripcio\u0301n&nbsp;1. La confidencialidad de sus datos personales es un aspecto fundamental para nosotros. Esta &#8230; <a title=\"privacy policy\" class=\"read-more\" href=\"https:\/\/www.mosquitobarcelona.com\/fr\/privacy-policy\/\" aria-label=\"En savoir plus sur privacy policy\">Lire la suite<\/a><\/p>\n","protected":false},"author":1,"featured_media":0,"parent":0,"menu_order":0,"comment_status":"closed","ping_status":"closed","template":"","meta":{"_acf_changed":false,"footnotes":""},"class_list":["post-1308","page","type-page","status-publish"],"acf":[],"yoast_head":"<!-- This site is optimized with the Yoast SEO plugin v26.5 - https:\/\/yoast.com\/wordpress\/plugins\/seo\/ -->\n<title>privacy policy - Mosquito<\/title>\n<meta name=\"robots\" content=\"index, follow, max-snippet:-1, max-image-preview:large, max-video-preview:-1\" \/>\n<link rel=\"canonical\" href=\"https:\/\/www.mosquitobarcelona.com\/fr\/privacy-policy\/\" \/>\n<meta property=\"og:locale\" content=\"fr_FR\" \/>\n<meta property=\"og:type\" content=\"article\" \/>\n<meta property=\"og:title\" content=\"privacy policy - Mosquito\" \/>\n<meta property=\"og:description\" content=\"INTRODUCCI\u00d3N En LQ MOSQUITO CORPORATION con CIF B-58997164 y direcci\u00f3n en carrer Cornet i Mas, 47 baixos de Barcelona (08017) e inscrita por el notario Don Juan-Jos\u00e9 Cagigal Guti\u00e9rrez&nbsp;el di\u0301a&nbsp;13\/06\/1989, en el Registro Mercantil de&nbsp;BARCELONA, Tomo&nbsp;10691, libro 9669, secci\u00f3n 2,&nbsp;Folio&nbsp;11, Hoja&nbsp;126578, inscripcio\u0301n&nbsp;1. La confidencialidad de sus datos personales es un aspecto fundamental para nosotros. Esta ... Lire la suite\" \/>\n<meta property=\"og:url\" content=\"https:\/\/www.mosquitobarcelona.com\/fr\/privacy-policy\/\" \/>\n<meta property=\"og:site_name\" content=\"Mosquito\" \/>\n<meta property=\"article:modified_time\" content=\"2022-05-22T19:18:33+00:00\" \/>\n<meta name=\"twitter:card\" content=\"summary_large_image\" \/>\n<meta name=\"twitter:label1\" content=\"Dur\u00e9e de lecture estim\u00e9e\" \/>\n\t<meta name=\"twitter:data1\" content=\"5 minutes\" \/>\n<script type=\"application\/ld+json\" class=\"yoast-schema-graph\">{\"@context\":\"https:\/\/schema.org\",\"@graph\":[{\"@type\":\"WebPage\",\"@id\":\"https:\/\/www.mosquitobarcelona.com\/fr\/privacy-policy\/\",\"url\":\"https:\/\/www.mosquitobarcelona.com\/fr\/privacy-policy\/\",\"name\":\"privacy policy - Mosquito\",\"isPartOf\":{\"@id\":\"https:\/\/www.mosquitobarcelona.com\/#website\"},\"datePublished\":\"2016-02-17T17:13:06+00:00\",\"dateModified\":\"2022-05-22T19:18:33+00:00\",\"breadcrumb\":{\"@id\":\"https:\/\/www.mosquitobarcelona.com\/fr\/privacy-policy\/#breadcrumb\"},\"inLanguage\":\"fr-FR\",\"potentialAction\":[{\"@type\":\"ReadAction\",\"target\":[\"https:\/\/www.mosquitobarcelona.com\/fr\/privacy-policy\/\"]}]},{\"@type\":\"BreadcrumbList\",\"@id\":\"https:\/\/www.mosquitobarcelona.com\/fr\/privacy-policy\/#breadcrumb\",\"itemListElement\":[{\"@type\":\"ListItem\",\"position\":1,\"name\":\"Home\",\"item\":\"https:\/\/www.mosquitobarcelona.com\/fr\/\"},{\"@type\":\"ListItem\",\"position\":2,\"name\":\"privacy policy\"}]},{\"@type\":\"WebSite\",\"@id\":\"https:\/\/www.mosquitobarcelona.com\/#website\",\"url\":\"https:\/\/www.mosquitobarcelona.com\/\",\"name\":\"Mosquito Barcelona\",\"description\":\"Barcelona Productions\",\"publisher\":{\"@id\":\"https:\/\/www.mosquitobarcelona.com\/#organization\"},\"potentialAction\":[{\"@type\":\"SearchAction\",\"target\":{\"@type\":\"EntryPoint\",\"urlTemplate\":\"https:\/\/www.mosquitobarcelona.com\/?s={search_term_string}\"},\"query-input\":{\"@type\":\"PropertyValueSpecification\",\"valueRequired\":true,\"valueName\":\"search_term_string\"}}],\"inLanguage\":\"fr-FR\"},{\"@type\":\"Organization\",\"@id\":\"https:\/\/www.mosquitobarcelona.com\/#organization\",\"name\":\"Mosquito Barcelona\",\"url\":\"https:\/\/www.mosquitobarcelona.com\/\",\"logo\":{\"@type\":\"ImageObject\",\"inLanguage\":\"fr-FR\",\"@id\":\"https:\/\/www.mosquitobarcelona.com\/#\/schema\/logo\/image\/\",\"url\":\"https:\/\/www.mosquitobarcelona.com\/wp-content\/uploads\/2016\/03\/logo_mosquito_gr.png\",\"contentUrl\":\"https:\/\/www.mosquitobarcelona.com\/wp-content\/uploads\/2016\/03\/logo_mosquito_gr.png\",\"width\":280,\"height\":79,\"caption\":\"Mosquito Barcelona\"},\"image\":{\"@id\":\"https:\/\/www.mosquitobarcelona.com\/#\/schema\/logo\/image\/\"},\"sameAs\":[\"https:\/\/www.instagram.com\/mosquitobarcelona\/\",\"https:\/\/vimeo.com\/mosquitofilms\"]}]}<\/script>\n<!-- \/ Yoast SEO plugin. -->","yoast_head_json":{"title":"privacy policy - Mosquito","robots":{"index":"index","follow":"follow","max-snippet":"max-snippet:-1","max-image-preview":"max-image-preview:large","max-video-preview":"max-video-preview:-1"},"canonical":"https:\/\/www.mosquitobarcelona.com\/fr\/privacy-policy\/","og_locale":"fr_FR","og_type":"article","og_title":"privacy policy - Mosquito","og_description":"INTRODUCCI\u00d3N En LQ MOSQUITO CORPORATION con CIF B-58997164 y direcci\u00f3n en carrer Cornet i Mas, 47 baixos de Barcelona (08017) e inscrita por el notario Don Juan-Jos\u00e9 Cagigal Guti\u00e9rrez&nbsp;el di\u0301a&nbsp;13\/06\/1989, en el Registro Mercantil de&nbsp;BARCELONA, Tomo&nbsp;10691, libro 9669, secci\u00f3n 2,&nbsp;Folio&nbsp;11, Hoja&nbsp;126578, inscripcio\u0301n&nbsp;1. La confidencialidad de sus datos personales es un aspecto fundamental para nosotros. Esta ... Lire la suite","og_url":"https:\/\/www.mosquitobarcelona.com\/fr\/privacy-policy\/","og_site_name":"Mosquito","article_modified_time":"2022-05-22T19:18:33+00:00","twitter_card":"summary_large_image","twitter_misc":{"Dur\u00e9e de lecture estim\u00e9e":"5 minutes"},"schema":{"@context":"https:\/\/schema.org","@graph":[{"@type":"WebPage","@id":"https:\/\/www.mosquitobarcelona.com\/fr\/privacy-policy\/","url":"https:\/\/www.mosquitobarcelona.com\/fr\/privacy-policy\/","name":"privacy policy - Mosquito","isPartOf":{"@id":"https:\/\/www.mosquitobarcelona.com\/#website"},"datePublished":"2016-02-17T17:13:06+00:00","dateModified":"2022-05-22T19:18:33+00:00","breadcrumb":{"@id":"https:\/\/www.mosquitobarcelona.com\/fr\/privacy-policy\/#breadcrumb"},"inLanguage":"fr-FR","potentialAction":[{"@type":"ReadAction","target":["https:\/\/www.mosquitobarcelona.com\/fr\/privacy-policy\/"]}]},{"@type":"BreadcrumbList","@id":"https:\/\/www.mosquitobarcelona.com\/fr\/privacy-policy\/#breadcrumb","itemListElement":[{"@type":"ListItem","position":1,"name":"Home","item":"https:\/\/www.mosquitobarcelona.com\/fr\/"},{"@type":"ListItem","position":2,"name":"privacy policy"}]},{"@type":"WebSite","@id":"https:\/\/www.mosquitobarcelona.com\/#website","url":"https:\/\/www.mosquitobarcelona.com\/","name":"Mosquito Barcelona","description":"Barcelona Productions","publisher":{"@id":"https:\/\/www.mosquitobarcelona.com\/#organization"},"potentialAction":[{"@type":"SearchAction","target":{"@type":"EntryPoint","urlTemplate":"https:\/\/www.mosquitobarcelona.com\/?s={search_term_string}"},"query-input":{"@type":"PropertyValueSpecification","valueRequired":true,"valueName":"search_term_string"}}],"inLanguage":"fr-FR"},{"@type":"Organization","@id":"https:\/\/www.mosquitobarcelona.com\/#organization","name":"Mosquito Barcelona","url":"https:\/\/www.mosquitobarcelona.com\/","logo":{"@type":"ImageObject","inLanguage":"fr-FR","@id":"https:\/\/www.mosquitobarcelona.com\/#\/schema\/logo\/image\/","url":"https:\/\/www.mosquitobarcelona.com\/wp-content\/uploads\/2016\/03\/logo_mosquito_gr.png","contentUrl":"https:\/\/www.mosquitobarcelona.com\/wp-content\/uploads\/2016\/03\/logo_mosquito_gr.png","width":280,"height":79,"caption":"Mosquito Barcelona"},"image":{"@id":"https:\/\/www.mosquitobarcelona.com\/#\/schema\/logo\/image\/"},"sameAs":["https:\/\/www.instagram.com\/mosquitobarcelona\/","https:\/\/vimeo.com\/mosquitofilms"]}]}},"_links":{"self":[{"href":"https:\/\/www.mosquitobarcelona.com\/fr\/wp-json\/wp\/v2\/pages\/1308","targetHints":{"allow":["GET"]}}],"collection":[{"href":"https:\/\/www.mosquitobarcelona.com\/fr\/wp-json\/wp\/v2\/pages"}],"about":[{"href":"https:\/\/www.mosquitobarcelona.com\/fr\/wp-json\/wp\/v2\/types\/page"}],"author":[{"embeddable":true,"href":"https:\/\/www.mosquitobarcelona.com\/fr\/wp-json\/wp\/v2\/users\/1"}],"replies":[{"embeddable":true,"href":"https:\/\/www.mosquitobarcelona.com\/fr\/wp-json\/wp\/v2\/comments?post=1308"}],"version-history":[{"count":1,"href":"https:\/\/www.mosquitobarcelona.com\/fr\/wp-json\/wp\/v2\/pages\/1308\/revisions"}],"predecessor-version":[{"id":2576,"href":"https:\/\/www.mosquitobarcelona.com\/fr\/wp-json\/wp\/v2\/pages\/1308\/revisions\/2576"}],"wp:attachment":[{"href":"https:\/\/www.mosquitobarcelona.com\/fr\/wp-json\/wp\/v2\/media?parent=1308"}],"curies":[{"name":"wp","href":"https:\/\/api.w.org\/{rel}","templated":true}]}}